{"id":3564,"date":"2026-03-29T21:53:58","date_gmt":"2026-03-29T19:53:58","guid":{"rendered":"https:\/\/www.dr-med-seresti-hausbesuch.de\/blog\/?page_id=3564"},"modified":"2026-03-29T21:56:26","modified_gmt":"2026-03-29T19:56:26","slug":"schmerztherapie-ludwigshafen-24h-vor-ort","status":"publish","type":"page","link":"http:\/\/www.dr-med-seresti-hausbesuch.de\/blog\/schmerztherapie-ludwigshafen-24h-vor-ort\/","title":{"rendered":"Schmerztherapie Ludwigshafen 24h vor Ort"},"content":{"rendered":"<h5 data-section-id=\"83sdgn\" data-start=\"136\" data-end=\"210\">Schmerztherapie Ludwigshafen <a href=\"http:\/\/www.dr-med-seresti-hausbesuch.de\">24h<\/a> vor Ort \u2013 schnelle Hilfe ohne Wartezeit<\/h5>\n<h5 data-section-id=\"fvbcl6\" data-start=\"212\" data-end=\"286\"><a href=\"https:\/\/www.amazon.de\/Neurologie-Afshin-Dr-med-Seresti\/dp\/3758101646\">24<\/a> Stunden Schmerztherapie in Ludwigshafen \u2013 Arzt kommt direkt zu Ihnen<\/h5>\n<p data-start=\"288\" data-end=\"560\">In <strong data-start=\"291\" data-end=\"332\"><span class=\"hover:entity-accent entity-underline inline cursor-pointer align-baseline\"><span class=\"whitespace-normal\">Ludwigshafen am Rhein<\/span><\/span><\/strong> k\u00f6nnen Schmerzen pl\u00f6tzlich auftreten \u2013 ob durch k\u00f6rperliche Belastung, Stress oder bestehende Erkrankungen. Gerade bei starken Beschwerden ist eine <strong data-start=\"481\" data-end=\"541\">sofortige Schmerztherapie ohne Wartezeit in Ludwigshafen<\/strong> besonders wichtig.<\/p>\n<p data-start=\"562\" data-end=\"818\">Unsere <strong data-start=\"569\" data-end=\"616\">Schmerztherapie 24h vor Ort in Ludwigshafen<\/strong> bietet Ihnen schnelle medizinische Hilfe direkt bei Ihnen zu Hause. Ein erfahrener Arzt kommt zu Ihnen und beginnt unmittelbar mit einer gezielten Behandlung \u2013 ohne lange Wartezeiten oder Praxisbesuch.<\/p>\n<h5 data-section-id=\"tsii0p\" data-start=\"825\" data-end=\"894\">Wann ist eine Schmerztherapie Hausbesuch in Ludwigshafen sinnvoll?<\/h5>\n<p data-start=\"896\" data-end=\"972\">Eine <strong data-start=\"901\" data-end=\"944\">Schmerztherapie Ludwigshafen Hausbesuch<\/strong> ist besonders geeignet bei:<\/p>\n<ul data-start=\"974\" data-end=\"1227\">\n<li data-section-id=\"1qgal0e\" data-start=\"974\" data-end=\"1027\">akuten R\u00fcckenschmerzen oder Bandscheibenproblemen<\/li>\n<li data-section-id=\"l9p14p\" data-start=\"1028\" data-end=\"1069\">starken Gelenkschmerzen oder Arthrose<\/li>\n<li data-section-id=\"rxsz6m\" data-start=\"1070\" data-end=\"1114\">Nervenschmerzen (brennend oder stechend)<\/li>\n<li data-section-id=\"g6wcvz\" data-start=\"1115\" data-end=\"1153\">Migr\u00e4ne oder starken Kopfschmerzen<\/li>\n<li data-section-id=\"o9f1xd\" data-start=\"1154\" data-end=\"1184\">Schmerzen nach Operationen<\/li>\n<li data-section-id=\"1e97r29\" data-start=\"1185\" data-end=\"1227\">Verschlechterung chronischer Schmerzen<\/li>\n<\/ul>\n<p data-start=\"1229\" data-end=\"1378\">Wenn Bewegung eingeschr\u00e4nkt ist oder Schmerzen sehr intensiv sind, ist ein <strong data-start=\"1304\" data-end=\"1359\">Arzt kommt nach Hause in Ludwigshafen bei Schmerzen<\/strong> die ideale L\u00f6sung.<\/p>\n<h5 data-section-id=\"txc04c\" data-start=\"1385\" data-end=\"1447\">Ihre Vorteile \u2013 Schmerztherapie Ludwigshafen ohne Wartezeit<\/h5>\n<p data-start=\"1449\" data-end=\"1509\">Ein <strong data-start=\"1453\" data-end=\"1501\">Schmerztherapeut Hausbesuch Ludwigshafen 24h<\/strong> bietet:<\/p>\n<ul data-start=\"1511\" data-end=\"1722\">\n<li data-section-id=\"hi9e48\" data-start=\"1511\" data-end=\"1563\"><strong data-start=\"1513\" data-end=\"1561\">sofortige Hilfe rund um die Uhr (24 Stunden)<\/strong><\/li>\n<li data-section-id=\"1hqwshm\" data-start=\"1564\" data-end=\"1609\">keine Wartezeiten in Praxen oder Kliniken<\/li>\n<li data-section-id=\"1j6nehi\" data-start=\"1610\" data-end=\"1650\">Behandlung direkt bei Ihnen zu Hause<\/li>\n<li data-section-id=\"4m5e76\" data-start=\"1651\" data-end=\"1683\">individuelle Schmerztherapie<\/li>\n<li data-section-id=\"s3xhu6\" data-start=\"1684\" data-end=\"1722\">pers\u00f6nliche und diskrete Betreuung<\/li>\n<\/ul>\n<h5 data-section-id=\"53fjq6\" data-start=\"1729\" data-end=\"1782\">Individuelle Schmerztherapie durch erfahrene \u00c4rzte<\/h5>\n<p data-start=\"1784\" data-end=\"1888\">Beim <strong data-start=\"1789\" data-end=\"1850\">Privatarzt Hausbesuch f\u00fcr Schmerztherapie in Ludwigshafen<\/strong> wird Ihre Situation genau analysiert:<\/p>\n<ul data-start=\"1890\" data-end=\"2001\">\n<li data-section-id=\"1cbv4ba\" data-start=\"1890\" data-end=\"1926\">Art und Intensit\u00e4t der Schmerzen<\/li>\n<li data-section-id=\"wwiubz\" data-start=\"1927\" data-end=\"1948\">Dauer und Verlauf<\/li>\n<li data-section-id=\"1asv6a\" data-start=\"1949\" data-end=\"1976\">bestehende Erkrankungen<\/li>\n<li data-section-id=\"okjjx7\" data-start=\"1977\" data-end=\"2001\">aktuelle Medikamente<\/li>\n<\/ul>\n<p data-start=\"2003\" data-end=\"2116\">Auf dieser Grundlage erfolgt eine <strong data-start=\"2037\" data-end=\"2069\">individuelle Schmerztherapie<\/strong>, abgestimmt auf Ihre pers\u00f6nlichen Bed\u00fcrfnisse.<\/p>\n<h5 data-section-id=\"jxdecz\" data-start=\"2123\" data-end=\"2188\">Lokale Versorgung in Ludwigshafen \u2013 wir sind schnell bei Ihnen<\/h5>\n<p data-start=\"2190\" data-end=\"2271\">Unsere <strong data-start=\"2197\" data-end=\"2232\">Schmerztherapie in Ludwigshafen<\/strong> ist im gesamten Stadtgebiet verf\u00fcgbar:<\/p>\n<ul data-start=\"2273\" data-end=\"2369\">\n<li data-section-id=\"3lsz8a\" data-start=\"2273\" data-end=\"2295\">Ludwigshafen Mitte<\/li>\n<li data-section-id=\"1kyvyi2\" data-start=\"2296\" data-end=\"2310\">Oggersheim<\/li>\n<li data-section-id=\"16pm35t\" data-start=\"2311\" data-end=\"2326\">Friesenheim<\/li>\n<li data-section-id=\"78iu8j\" data-start=\"2327\" data-end=\"2336\">Oppau<\/li>\n<li data-section-id=\"juxfk6\" data-start=\"2337\" data-end=\"2353\">Rheing\u00f6nheim<\/li>\n<li data-section-id=\"1fpxz9x\" data-start=\"2354\" data-end=\"2369\">Gartenstadt<\/li>\n<\/ul>\n<p data-start=\"2371\" data-end=\"2444\">\ud83d\udc49 Dadurch garantieren wir eine schnelle Versorgung in allen Stadtteilen.<\/p>\n<h5 data-section-id=\"17hhbhk\" data-start=\"2451\" data-end=\"2493\">H\u00e4ufige Schmerzursachen in Ludwigshafen<\/h5>\n<h5 data-section-id=\"1dga905\" data-start=\"2495\" data-end=\"2540\">R\u00fcckenschmerzen durch Alltag und Arbeit<\/h5>\n<p data-start=\"2541\" data-end=\"2640\">Viele Patienten leiden durch k\u00f6rperliche Belastung oder sitzende T\u00e4tigkeiten unter R\u00fcckenschmerzen.<\/p>\n<h5 data-section-id=\"m7czdd\" data-start=\"2642\" data-end=\"2663\">Nervenschmerzen<\/h5>\n<p data-start=\"2664\" data-end=\"2757\">Diese \u00e4u\u00dfern sich oft als stechende oder brennende Schmerzen und ben\u00f6tigen gezielte Therapie.<\/p>\n<h5 data-section-id=\"1b1rul7\" data-start=\"2759\" data-end=\"2780\">Gelenkschmerzen<\/h5>\n<p data-start=\"2781\" data-end=\"2851\">Arthrose oder \u00dcberlastung k\u00f6nnen die Beweglichkeit stark einschr\u00e4nken.<\/p>\n<h5 data-section-id=\"1qy9qme\" data-start=\"2853\" data-end=\"2884\">Migr\u00e4ne und Kopfschmerzen<\/h5>\n<p data-start=\"2885\" data-end=\"2950\">Starke Kopfschmerzen k\u00f6nnen den Alltag erheblich beeintr\u00e4chtigen.<\/p>\n<h5 data-section-id=\"le7rgg\" data-start=\"2957\" data-end=\"3013\">Schmerztherapie auch in der Umgebung von Ludwigshafen<\/h5>\n<p data-start=\"3015\" data-end=\"3051\">Unser Service ist auch verf\u00fcgbar in:<\/p>\n<ul data-start=\"3053\" data-end=\"3140\">\n<li data-section-id=\"11ol07h\" data-start=\"3053\" data-end=\"3065\">Mannheim<\/li>\n<li data-section-id=\"1xj2qjm\" data-start=\"3066\" data-end=\"3081\">Frankenthal<\/li>\n<li data-section-id=\"ruf3a8\" data-start=\"3082\" data-end=\"3092\">Speyer<\/li>\n<li data-section-id=\"l7fvif\" data-start=\"3093\" data-end=\"3109\">Bad D\u00fcrkheim<\/li>\n<li data-section-id=\"bxt3tz\" data-start=\"3110\" data-end=\"3140\">Neustadt an der Weinstra\u00dfe<\/li>\n<\/ul>\n<h5 data-section-id=\"zhdjgq\" data-start=\"3147\" data-end=\"3198\">Jetzt Schmerztherapie Ludwigshafen 24h anfordern<\/h5>\n<p data-start=\"3200\" data-end=\"3354\">Wenn Sie unter starken Schmerzen leiden und eine <strong data-start=\"3249\" data-end=\"3304\">sofortige Behandlung ohne Wartezeit in Ludwigshafen<\/strong> ben\u00f6tigen, sind wir jederzeit f\u00fcr Sie erreichbar.<\/p>\n<h5 data-start=\"3356\" data-end=\"3388\">\ud83d\udcde <strong data-start=\"3359\" data-end=\"3388\">Telefon: 0152 06 05 69 69<\/strong><\/h5>\n<p data-start=\"3390\" data-end=\"3478\"><strong data-start=\"3390\" data-end=\"3478\">Schmerztherapie Ludwigshafen 24h vor Ort \u2013 schnelle Hilfe direkt bei Ihnen zu Hause.<\/strong><\/p>\n<h5 data-section-id=\"14i0mzi\" data-start=\"3485\" data-end=\"3521\">FAQ \u2013 Schmerztherapie Ludwigshafen<\/h5>\n<h5 data-section-id=\"s5w8dl\" data-start=\"3523\" data-end=\"3572\">Wie schnell kommt ein Arzt nach Ludwigshafen?<\/h5>\n<p data-start=\"3573\" data-end=\"3678\">Ein <strong data-start=\"3577\" data-end=\"3621\">Schmerztherapeut Hausbesuch Ludwigshafen<\/strong> ist oft kurzfristig m\u00f6glich \u2013 h\u00e4ufig noch am selben Tag.<\/p>\n<h5 data-section-id=\"w7skvo\" data-start=\"3680\" data-end=\"3722\">Kann die Behandlung zu Hause erfolgen?<\/h5>\n<p data-start=\"3723\" data-end=\"3792\">Ja, die Untersuchung und Therapie erfolgen direkt bei Ihnen zu Hause.<\/p>\n<h5 data-section-id=\"1misjew\" data-start=\"3794\" data-end=\"3836\">Ist der Service auch nachts verf\u00fcgbar?<\/h5>\n<p data-start=\"3837\" data-end=\"3922\">Ja, unsere <strong data-start=\"3848\" data-end=\"3891\">Schmerztherapie Ludwigshafen 24 Stunden<\/strong> ist rund um die Uhr verf\u00fcgbar.<\/p>\n<p data-start=\"3837\" data-end=\"3922\"><img loading=\"lazy\" decoding=\"async\" class=\"alignnone size-medium wp-image-2489\" src=\"http:\/\/www.dr-med-seresti-hausbesuch.de\/blog\/wp-content\/uploads\/2025\/12\/photo_2025-11-14_22-38-47-300x194.jpg\" alt=\"\" width=\"300\" height=\"194\" data-id=\"2489\" srcset=\"http:\/\/www.dr-med-seresti-hausbesuch.de\/blog\/wp-content\/uploads\/2025\/12\/photo_2025-11-14_22-38-47-300x194.jpg 300w, http:\/\/www.dr-med-seresti-hausbesuch.de\/blog\/wp-content\/uploads\/2025\/12\/photo_2025-11-14_22-38-47-1024x661.jpg 1024w, http:\/\/www.dr-med-seresti-hausbesuch.de\/blog\/wp-content\/uploads\/2025\/12\/photo_2025-11-14_22-38-47-768x496.jpg 768w, http:\/\/www.dr-med-seresti-hausbesuch.de\/blog\/wp-content\/uploads\/2025\/12\/photo_2025-11-14_22-38-47-1200x774.jpg 1200w, http:\/\/www.dr-med-seresti-hausbesuch.de\/blog\/wp-content\/uploads\/2025\/12\/photo_2025-11-14_22-38-47.jpg 1280w\" sizes=\"auto, (max-width: 300px) 100vw, 300px\" \/><\/p>\n<p data-start=\"3837\" data-end=\"3922\"><img loading=\"lazy\" decoding=\"async\" class=\"alignnone size-medium wp-image-3251\" src=\"http:\/\/www.dr-med-seresti-hausbesuch.de\/blog\/wp-content\/uploads\/2026\/02\/cropped-3ee4c1c9-4666-4218-9970-eca92981ce29-300x300.png\" alt=\"\" width=\"300\" height=\"300\" data-id=\"3251\" srcset=\"http:\/\/www.dr-med-seresti-hausbesuch.de\/blog\/wp-content\/uploads\/2026\/02\/cropped-3ee4c1c9-4666-4218-9970-eca92981ce29-300x300.png 300w, http:\/\/www.dr-med-seresti-hausbesuch.de\/blog\/wp-content\/uploads\/2026\/02\/cropped-3ee4c1c9-4666-4218-9970-eca92981ce29-150x150.png 150w, http:\/\/www.dr-med-seresti-hausbesuch.de\/blog\/wp-content\/uploads\/2026\/02\/cropped-3ee4c1c9-4666-4218-9970-eca92981ce29-270x270.png 270w, http:\/\/www.dr-med-seresti-hausbesuch.de\/blog\/wp-content\/uploads\/2026\/02\/cropped-3ee4c1c9-4666-4218-9970-eca92981ce29-192x192.png 192w, http:\/\/www.dr-med-seresti-hausbesuch.de\/blog\/wp-content\/uploads\/2026\/02\/cropped-3ee4c1c9-4666-4218-9970-eca92981ce29-180x180.png 180w, http:\/\/www.dr-med-seresti-hausbesuch.de\/blog\/wp-content\/uploads\/2026\/02\/cropped-3ee4c1c9-4666-4218-9970-eca92981ce29-32x32.png 32w, http:\/\/www.dr-med-seresti-hausbesuch.de\/blog\/wp-content\/uploads\/2026\/02\/cropped-3ee4c1c9-4666-4218-9970-eca92981ce29.png 512w\" sizes=\"auto, (max-width: 300px) 100vw, 300px\" \/><\/p>\n","protected":false},"excerpt":{"rendered":"<p>Schmerztherapie Ludwigshafen 24h vor Ort \u2013 schnelle Hilfe ohne Wartezeit 24 Stunden Schmerztherapie in Ludwigshafen \u2013 Arzt kommt direkt zu Ihnen In Ludwigshafen am Rhein k\u00f6nnen Schmerzen pl\u00f6tzlich auftreten \u2013 ob durch k\u00f6rperliche Belastung, Stress oder bestehende Erkrankungen. Gerade bei starken Beschwerden ist eine sofortige Schmerztherapie ohne Wartezeit in Ludwigshafen besonders wichtig. Unsere Schmerztherapie 24h [&hellip;]<\/p>\n","protected":false},"author":1,"featured_media":3251,"parent":0,"menu_order":0,"comment_status":"closed","ping_status":"closed","template":"","meta":{"om_disable_all_campaigns":false,"_monsterinsights_skip_tracking":false,"_monsterinsights_sitenote_active":false,"_monsterinsights_sitenote_note":"","_monsterinsights_sitenote_category":0,"footnotes":""},"class_list":["post-3564","page","type-page","status-publish","has-post-thumbnail","hentry"],"aioseo_notices":[],"_links":{"self":[{"href":"http:\/\/www.dr-med-seresti-hausbesuch.de\/blog\/wp-json\/wp\/v2\/pages\/3564","targetHints":{"allow":["GET"]}}],"collection":[{"href":"http:\/\/www.dr-med-seresti-hausbesuch.de\/blog\/wp-json\/wp\/v2\/pages"}],"about":[{"href":"http:\/\/www.dr-med-seresti-hausbesuch.de\/blog\/wp-json\/wp\/v2\/types\/page"}],"author":[{"embeddable":true,"href":"http:\/\/www.dr-med-seresti-hausbesuch.de\/blog\/wp-json\/wp\/v2\/users\/1"}],"replies":[{"embeddable":true,"href":"http:\/\/www.dr-med-seresti-hausbesuch.de\/blog\/wp-json\/wp\/v2\/comments?post=3564"}],"version-history":[{"count":3,"href":"http:\/\/www.dr-med-seresti-hausbesuch.de\/blog\/wp-json\/wp\/v2\/pages\/3564\/revisions"}],"predecessor-version":[{"id":3568,"href":"http:\/\/www.dr-med-seresti-hausbesuch.de\/blog\/wp-json\/wp\/v2\/pages\/3564\/revisions\/3568"}],"wp:featuredmedia":[{"embeddable":true,"href":"http:\/\/www.dr-med-seresti-hausbesuch.de\/blog\/wp-json\/wp\/v2\/media\/3251"}],"wp:attachment":[{"href":"http:\/\/www.dr-med-seresti-hausbesuch.de\/blog\/wp-json\/wp\/v2\/media?parent=3564"}],"curies":[{"name":"wp","href":"https:\/\/api.w.org\/{rel}","templated":true}]}}