{"id":3512,"date":"2026-03-20T20:42:19","date_gmt":"2026-03-20T19:42:19","guid":{"rendered":"https:\/\/www.dr-med-seresti-hausbesuch.de\/blog\/?page_id=3512"},"modified":"2026-03-20T20:44:53","modified_gmt":"2026-03-20T19:44:53","slug":"24-stunden-privataerztlicher-notdienst-bad-homburg","status":"publish","type":"page","link":"https:\/\/www.dr-med-seresti-hausbesuch.de\/blog\/24-stunden-privataerztlicher-notdienst-bad-homburg\/","title":{"rendered":"24 Stunden Privat\u00e4rztlicher Notdienst Bad Homburg"},"content":{"rendered":"<h4 class=\"isSelectedEnd\">24 Stunden Privat\u00e4rztlicher Notdienst in <a href=\"https:\/\/www.amazon.de\/Neurologie-Afshin-Dr-med-Seresti\/dp\/3758101646\">Bad Homburg<\/a><\/h4>\n<p class=\"isSelectedEnd\">Als erfahrener Privatarzt biete ich Ihnen einen umfassenden 24-Stunden-Notdienst mit schnellen und zuverl\u00e4ssigen Hausbesuchen in Bad Homburg vor der H\u00f6he und der gesamten Umgebung an. Ganz gleich, ob es sich um akute Beschwerden, pl\u00f6tzlich auftretende Erkrankungen oder eine notwendige medizinische Betreuung handelt \u2013 ich komme direkt zu Ihnen nach Hause, ins Hotel oder in Ihr B\u00fcro und behandle Sie in Ihrer gewohnten Umgebung.<\/p>\n<p class=\"isSelectedEnd\">Unser privat\u00e4rztlicher Notdienst in Bad Homburg steht Ihnen rund um die Uhr zur Verf\u00fcgung \u2013 auch an Wochenenden und Feiertagen. Sie profitieren von einer diskreten, pers\u00f6nlichen und hochwertigen medizinischen Versorgung ohne lange Wartezeiten. Ziel ist es, Ihnen schnell zu helfen und unn\u00f6tige Wege in die Notaufnahme zu vermeiden.<\/p>\n<p class=\"isSelectedEnd\">Ich nehme mir ausreichend Zeit f\u00fcr Ihre Untersuchung, stelle eine fundierte Diagnose und beginne direkt vor Ort mit der passenden Therapie. Bei Bedarf k\u00f6nnen weiterf\u00fchrende Ma\u00dfnahmen organisiert oder eine gezielte \u00dcberweisung veranlasst werden.<\/p>\n<p class=\"isSelectedEnd\">Leistungen im \u00dcberblick:<br \/>\n\u2022 Hausbesuche bei akuten Erkrankungen und Notf\u00e4llen<br \/>\n\u2022 Infusionstherapie zur schnellen Stabilisierung und Regeneration<br \/>\n\u2022 Schmerzbehandlung und individuelle Therapieplanung<br \/>\n\u2022 Behandlung von Erk\u00e4ltung, Grippe, Fieber und Magen-Darm-Beschwerden<br \/>\n\u2022 Medizinische Betreuung bei Ersch\u00f6pfung, Dehydrierung oder Kreislaufproblemen<br \/>\n\u2022 Versorgung von Privatpatienten und Selbstzahlern<br \/>\n\u2022 Diskrete Betreuung in Hotels und f\u00fcr Gesch\u00e4ftsreisende<\/p>\n<h5>\ud83d\udcde 015206056969 \u2013 <a href=\"http:\/\/www.dr-med-seresti-hausbesuch.de\">24 Stunden erreichbar<\/a><\/h5>\n<p><img loading=\"lazy\" decoding=\"async\" class=\"alignnone size-medium wp-image-3251\" src=\"http:\/\/www.dr-med-seresti-hausbesuch.de\/blog\/wp-content\/uploads\/2026\/02\/cropped-3ee4c1c9-4666-4218-9970-eca92981ce29-300x300.png\" alt=\"\" width=\"300\" height=\"300\" data-id=\"3251\" srcset=\"https:\/\/www.dr-med-seresti-hausbesuch.de\/blog\/wp-content\/uploads\/2026\/02\/cropped-3ee4c1c9-4666-4218-9970-eca92981ce29-300x300.png 300w, https:\/\/www.dr-med-seresti-hausbesuch.de\/blog\/wp-content\/uploads\/2026\/02\/cropped-3ee4c1c9-4666-4218-9970-eca92981ce29-150x150.png 150w, https:\/\/www.dr-med-seresti-hausbesuch.de\/blog\/wp-content\/uploads\/2026\/02\/cropped-3ee4c1c9-4666-4218-9970-eca92981ce29-270x270.png 270w, https:\/\/www.dr-med-seresti-hausbesuch.de\/blog\/wp-content\/uploads\/2026\/02\/cropped-3ee4c1c9-4666-4218-9970-eca92981ce29-192x192.png 192w, https:\/\/www.dr-med-seresti-hausbesuch.de\/blog\/wp-content\/uploads\/2026\/02\/cropped-3ee4c1c9-4666-4218-9970-eca92981ce29-180x180.png 180w, https:\/\/www.dr-med-seresti-hausbesuch.de\/blog\/wp-content\/uploads\/2026\/02\/cropped-3ee4c1c9-4666-4218-9970-eca92981ce29-32x32.png 32w, https:\/\/www.dr-med-seresti-hausbesuch.de\/blog\/wp-content\/uploads\/2026\/02\/cropped-3ee4c1c9-4666-4218-9970-eca92981ce29.png 512w\" sizes=\"auto, (max-width: 300px) 100vw, 300px\" \/><\/p>\n","protected":false},"excerpt":{"rendered":"<p>24 Stunden Privat\u00e4rztlicher Notdienst in Bad Homburg Als erfahrener Privatarzt biete ich Ihnen einen umfassenden 24-Stunden-Notdienst mit schnellen und zuverl\u00e4ssigen Hausbesuchen in Bad Homburg vor der H\u00f6he und der gesamten Umgebung an. Ganz gleich, ob es sich um akute Beschwerden, pl\u00f6tzlich auftretende Erkrankungen oder eine notwendige medizinische Betreuung handelt \u2013 ich komme direkt zu Ihnen [&hellip;]<\/p>\n","protected":false},"author":1,"featured_media":0,"parent":0,"menu_order":0,"comment_status":"closed","ping_status":"closed","template":"","meta":{"om_disable_all_campaigns":false,"_monsterinsights_skip_tracking":false,"_monsterinsights_sitenote_active":false,"_monsterinsights_sitenote_note":"","_monsterinsights_sitenote_category":0,"footnotes":""},"class_list":["post-3512","page","type-page","status-publish","hentry"],"aioseo_notices":[],"_links":{"self":[{"href":"https:\/\/www.dr-med-seresti-hausbesuch.de\/blog\/wp-json\/wp\/v2\/pages\/3512","targetHints":{"allow":["GET"]}}],"collection":[{"href":"https:\/\/www.dr-med-seresti-hausbesuch.de\/blog\/wp-json\/wp\/v2\/pages"}],"about":[{"href":"https:\/\/www.dr-med-seresti-hausbesuch.de\/blog\/wp-json\/wp\/v2\/types\/page"}],"author":[{"embeddable":true,"href":"https:\/\/www.dr-med-seresti-hausbesuch.de\/blog\/wp-json\/wp\/v2\/users\/1"}],"replies":[{"embeddable":true,"href":"https:\/\/www.dr-med-seresti-hausbesuch.de\/blog\/wp-json\/wp\/v2\/comments?post=3512"}],"version-history":[{"count":3,"href":"https:\/\/www.dr-med-seresti-hausbesuch.de\/blog\/wp-json\/wp\/v2\/pages\/3512\/revisions"}],"predecessor-version":[{"id":3516,"href":"https:\/\/www.dr-med-seresti-hausbesuch.de\/blog\/wp-json\/wp\/v2\/pages\/3512\/revisions\/3516"}],"wp:attachment":[{"href":"https:\/\/www.dr-med-seresti-hausbesuch.de\/blog\/wp-json\/wp\/v2\/media?parent=3512"}],"curies":[{"name":"wp","href":"https:\/\/api.w.org\/{rel}","templated":true}]}}